{"id":20,"date":"2024-04-06T15:45:12","date_gmt":"2024-04-06T15:45:12","guid":{"rendered":"https:\/\/prevenidoproducciones.es\/homolog\/?page_id=20"},"modified":"2026-04-07T12:46:39","modified_gmt":"2026-04-07T12:46:39","slug":"christian-valente-inteligencia-artificial-prevenido-producciones","status":"publish","type":"page","link":"https:\/\/prevenidoproducciones.es\/en\/christian-valente-inteligencia-artificial-prevenido-producciones\/","title":{"rendered":"Christian Valente"},"content":{"rendered":"<p>Con m\u00e1s de dos d\u00e9cadas de experiencia en la industria del entretenimiento audiovisual, Christian Valente &#8211; CEO y Fundador de PREVENIDO PRODUCCIONES, es reconocido como una figura indispensable en el mercado brasile\u00f1o en el \u00e1mbito de la direcci\u00f3n integral y la postproducci\u00f3n de DVD de espect\u00e1culos musicales. A lo largo de los a\u00f1os ha contribuido en la realizaci\u00f3n de innumerables sue\u00f1os.<\/p>\r\n\r\n\r\n\r\n<p>Christian Valente ha acumulado una valiosa experiencia internacional en pa\u00edses como Argentina y Brasil.<\/p>\r\n\r\n\r\n\r\n<p>Durante el recorrido de su carrera ha cultivado un equipo de talentos excepcionales. Profesionales que han colaborado en actividades vinculadas con la fase de concepci\u00f3n de la idea inicial hasta en actividades relativas a la ejecuci\u00f3n final. Aportando sus habilidades en proyectos destinados a las plataformas m\u00e1s destacadas del mercado.<\/p>\r\n\r\n\r\n\r\n<p>El fundador de PREVENIDO PRODUCCIONES cuenta con una extensa y diversa lista de trabajos realizados a lo largo de su carrera. Ha participado directamente en la creaci\u00f3n de videoclips, en la organizaci\u00f3n de eventos internacionales de todo tipo, ha sido el responsable de shows para audiencias de m\u00e1s de 1 mill\u00f3n de personas, ha contribuido en la producci\u00f3n de diversos spots publicitarios, en el montaje y tratamiento de imagen de largometrajes e incluso en la construcci\u00f3n de una unidad m\u00f3vil para un mundial de f\u00fatbol.<\/p>","protected":false},"excerpt":{"rendered":"<p>Con m\u00e1s de dos d\u00e9cadas de experiencia en la industria del entretenimiento audiovisual, Christian Valente &#8211; CEO y Fundador de PREVENIDO PRODUCCIONES, es reconocido como una figura indispensable en el mercado brasile\u00f1o en el \u00e1mbito de la direcci\u00f3n integral y la postproducci\u00f3n de DVD de espect\u00e1culos musicales. A lo largo de los a\u00f1os ha contribuido [&hellip;]<\/p>\n","protected":false},"author":1,"featured_media":0,"parent":0,"menu_order":0,"comment_status":"closed","ping_status":"closed","template":"page-christian.php","meta":{"_acf_changed":false,"footnotes":""},"class_list":["post-20","page","type-page","status-publish","hentry"],"acf":[],"yoast_head":"<!-- This site is optimized with the Yoast SEO plugin v27.3 - https:\/\/yoast.com\/product\/yoast-seo-wordpress\/ -->\n<title>Christian Valente - PREVENIDO PRODUCCIONES<\/title>\n<meta name=\"description\" content=\"Con m\u00e1s de dos d\u00e9cadas de experiencia en la industria audiovisual, Christian Valente - CEO y Fundador de PREVENIDO PRODUCCIONES, es reconocido como una figura indispensable en el \u00e1mbito de la direcci\u00f3n integral y la postproducci\u00f3n audiovisual y en este 2026 dado un salto evolutivo en piezas generadas con IA.\" \/>\n<meta name=\"robots\" content=\"index, follow, max-snippet:-1, max-image-preview:large, max-video-preview:-1\" \/>\n<link rel=\"canonical\" href=\"https:\/\/prevenidoproducciones.es\/en\/christian-valente-inteligencia-artificial-prevenido-producciones\/\" \/>\n<meta property=\"og:locale\" content=\"en_US\" \/>\n<meta property=\"og:type\" content=\"article\" \/>\n<meta property=\"og:title\" content=\"Christian Valente - PREVENIDO PRODUCCIONES\" \/>\n<meta property=\"og:description\" content=\"Con m\u00e1s de dos d\u00e9cadas de experiencia en la industria audiovisual, Christian Valente - CEO y Fundador de PREVENIDO PRODUCCIONES, es reconocido como una figura indispensable en el \u00e1mbito de la direcci\u00f3n integral y la postproducci\u00f3n audiovisual y en este 2026 dado un salto evolutivo en piezas generadas con IA.\" \/>\n<meta property=\"og:url\" content=\"https:\/\/prevenidoproducciones.es\/en\/christian-valente-inteligencia-artificial-prevenido-producciones\/\" \/>\n<meta property=\"og:site_name\" content=\"PREVENIDO PRODUCCIONES\" \/>\n<meta property=\"article:modified_time\" content=\"2026-04-07T12:46:39+00:00\" \/>\n<meta property=\"og:image\" content=\"https:\/\/prevenidoproducciones.es\/wp-content\/uploads\/2024\/06\/asset-soluciones.png\" \/>\n\t<meta property=\"og:image:width\" content=\"528\" \/>\n\t<meta property=\"og:image:height\" content=\"290\" \/>\n\t<meta property=\"og:image:type\" content=\"image\/png\" \/>\n<meta name=\"twitter:card\" content=\"summary_large_image\" \/>\n<meta name=\"twitter:label1\" content=\"Est. reading time\" \/>\n\t<meta name=\"twitter:data1\" content=\"1 minute\" \/>\n<script type=\"application\/ld+json\" class=\"yoast-schema-graph\">{\"@context\":\"https:\\\/\\\/schema.org\",\"@graph\":[{\"@type\":\"WebPage\",\"@id\":\"https:\\\/\\\/prevenidoproducciones.es\\\/christian-valente-inteligencia-artificial-prevenido-producciones\\\/\",\"url\":\"https:\\\/\\\/prevenidoproducciones.es\\\/christian-valente-inteligencia-artificial-prevenido-producciones\\\/\",\"name\":\"Christian Valente - PREVENIDO PRODUCCIONES\",\"isPartOf\":{\"@id\":\"https:\\\/\\\/prevenidoproducciones.es\\\/#website\"},\"datePublished\":\"2024-04-06T15:45:12+00:00\",\"dateModified\":\"2026-04-07T12:46:39+00:00\",\"description\":\"Con m\u00e1s de dos d\u00e9cadas de experiencia en la industria audiovisual, Christian Valente - CEO y Fundador de PREVENIDO PRODUCCIONES, es reconocido como una figura indispensable en el \u00e1mbito de la direcci\u00f3n integral y la postproducci\u00f3n audiovisual y en este 2026 dado un salto evolutivo en piezas generadas con IA.\",\"breadcrumb\":{\"@id\":\"https:\\\/\\\/prevenidoproducciones.es\\\/christian-valente-inteligencia-artificial-prevenido-producciones\\\/#breadcrumb\"},\"inLanguage\":\"en-US\",\"potentialAction\":[{\"@type\":\"ReadAction\",\"target\":[\"https:\\\/\\\/prevenidoproducciones.es\\\/christian-valente-inteligencia-artificial-prevenido-producciones\\\/\"]}]},{\"@type\":\"BreadcrumbList\",\"@id\":\"https:\\\/\\\/prevenidoproducciones.es\\\/christian-valente-inteligencia-artificial-prevenido-producciones\\\/#breadcrumb\",\"itemListElement\":[{\"@type\":\"ListItem\",\"position\":1,\"name\":\"Home\",\"item\":\"https:\\\/\\\/prevenidoproducciones.es\\\/\"},{\"@type\":\"ListItem\",\"position\":2,\"name\":\"Christian Valente\"}]},{\"@type\":\"WebSite\",\"@id\":\"https:\\\/\\\/prevenidoproducciones.es\\\/#website\",\"url\":\"https:\\\/\\\/prevenidoproducciones.es\\\/\",\"name\":\"PREVENIDO PRODUCCIONES\",\"description\":\"PREVENIDO PRODUCCIONES destaca en su capacidad resolutiva para integrar todos los aspectos e instancias del proceso creativo audiovisual.\",\"publisher\":{\"@id\":\"https:\\\/\\\/prevenidoproducciones.es\\\/#organization\"},\"potentialAction\":[{\"@type\":\"SearchAction\",\"target\":{\"@type\":\"EntryPoint\",\"urlTemplate\":\"https:\\\/\\\/prevenidoproducciones.es\\\/?s={search_term_string}\"},\"query-input\":{\"@type\":\"PropertyValueSpecification\",\"valueRequired\":true,\"valueName\":\"search_term_string\"}}],\"inLanguage\":\"en-US\"},{\"@type\":\"Organization\",\"@id\":\"https:\\\/\\\/prevenidoproducciones.es\\\/#organization\",\"name\":\"PREVENIDO PRODUCCIONES\",\"url\":\"https:\\\/\\\/prevenidoproducciones.es\\\/\",\"logo\":{\"@type\":\"ImageObject\",\"inLanguage\":\"en-US\",\"@id\":\"https:\\\/\\\/prevenidoproducciones.es\\\/#\\\/schema\\\/logo\\\/image\\\/\",\"url\":\"https:\\\/\\\/prevenidoproducciones.es\\\/wp-content\\\/uploads\\\/2024\\\/06\\\/asset-soluciones.png\",\"contentUrl\":\"https:\\\/\\\/prevenidoproducciones.es\\\/wp-content\\\/uploads\\\/2024\\\/06\\\/asset-soluciones.png\",\"width\":528,\"height\":290,\"caption\":\"PREVENIDO PRODUCCIONES\"},\"image\":{\"@id\":\"https:\\\/\\\/prevenidoproducciones.es\\\/#\\\/schema\\\/logo\\\/image\\\/\"},\"sameAs\":[\"https:\\\/\\\/www.youtube.com\\\/@PrevenidoProducciones\"]}]}<\/script>\n<!-- \/ Yoast SEO plugin. -->","yoast_head_json":{"title":"Christian Valente - PREVENIDO PRODUCCIONES","description":"Con m\u00e1s de dos d\u00e9cadas de experiencia en la industria audiovisual, Christian Valente - CEO y Fundador de PREVENIDO PRODUCCIONES, es reconocido como una figura indispensable en el \u00e1mbito de la direcci\u00f3n integral y la postproducci\u00f3n audiovisual y en este 2026 dado un salto evolutivo en piezas generadas con IA.","robots":{"index":"index","follow":"follow","max-snippet":"max-snippet:-1","max-image-preview":"max-image-preview:large","max-video-preview":"max-video-preview:-1"},"canonical":"https:\/\/prevenidoproducciones.es\/en\/christian-valente-inteligencia-artificial-prevenido-producciones\/","og_locale":"en_US","og_type":"article","og_title":"Christian Valente - PREVENIDO PRODUCCIONES","og_description":"Con m\u00e1s de dos d\u00e9cadas de experiencia en la industria audiovisual, Christian Valente - CEO y Fundador de PREVENIDO PRODUCCIONES, es reconocido como una figura indispensable en el \u00e1mbito de la direcci\u00f3n integral y la postproducci\u00f3n audiovisual y en este 2026 dado un salto evolutivo en piezas generadas con IA.","og_url":"https:\/\/prevenidoproducciones.es\/en\/christian-valente-inteligencia-artificial-prevenido-producciones\/","og_site_name":"PREVENIDO PRODUCCIONES","article_modified_time":"2026-04-07T12:46:39+00:00","og_image":[{"width":528,"height":290,"url":"https:\/\/prevenidoproducciones.es\/wp-content\/uploads\/2024\/06\/asset-soluciones.png","type":"image\/png"}],"twitter_card":"summary_large_image","twitter_misc":{"Est. reading time":"1 minute"},"schema":{"@context":"https:\/\/schema.org","@graph":[{"@type":"WebPage","@id":"https:\/\/prevenidoproducciones.es\/christian-valente-inteligencia-artificial-prevenido-producciones\/","url":"https:\/\/prevenidoproducciones.es\/christian-valente-inteligencia-artificial-prevenido-producciones\/","name":"Christian Valente - PREVENIDO PRODUCCIONES","isPartOf":{"@id":"https:\/\/prevenidoproducciones.es\/#website"},"datePublished":"2024-04-06T15:45:12+00:00","dateModified":"2026-04-07T12:46:39+00:00","description":"Con m\u00e1s de dos d\u00e9cadas de experiencia en la industria audiovisual, Christian Valente - CEO y Fundador de PREVENIDO PRODUCCIONES, es reconocido como una figura indispensable en el \u00e1mbito de la direcci\u00f3n integral y la postproducci\u00f3n audiovisual y en este 2026 dado un salto evolutivo en piezas generadas con IA.","breadcrumb":{"@id":"https:\/\/prevenidoproducciones.es\/christian-valente-inteligencia-artificial-prevenido-producciones\/#breadcrumb"},"inLanguage":"en-US","potentialAction":[{"@type":"ReadAction","target":["https:\/\/prevenidoproducciones.es\/christian-valente-inteligencia-artificial-prevenido-producciones\/"]}]},{"@type":"BreadcrumbList","@id":"https:\/\/prevenidoproducciones.es\/christian-valente-inteligencia-artificial-prevenido-producciones\/#breadcrumb","itemListElement":[{"@type":"ListItem","position":1,"name":"Home","item":"https:\/\/prevenidoproducciones.es\/"},{"@type":"ListItem","position":2,"name":"Christian Valente"}]},{"@type":"WebSite","@id":"https:\/\/prevenidoproducciones.es\/#website","url":"https:\/\/prevenidoproducciones.es\/","name":"PREVENIDO PRODUCCIONES","description":"PREVENIDO PRODUCCIONES destaca en su capacidad resolutiva para integrar todos los aspectos e instancias del proceso creativo audiovisual.","publisher":{"@id":"https:\/\/prevenidoproducciones.es\/#organization"},"potentialAction":[{"@type":"SearchAction","target":{"@type":"EntryPoint","urlTemplate":"https:\/\/prevenidoproducciones.es\/?s={search_term_string}"},"query-input":{"@type":"PropertyValueSpecification","valueRequired":true,"valueName":"search_term_string"}}],"inLanguage":"en-US"},{"@type":"Organization","@id":"https:\/\/prevenidoproducciones.es\/#organization","name":"PREVENIDO PRODUCCIONES","url":"https:\/\/prevenidoproducciones.es\/","logo":{"@type":"ImageObject","inLanguage":"en-US","@id":"https:\/\/prevenidoproducciones.es\/#\/schema\/logo\/image\/","url":"https:\/\/prevenidoproducciones.es\/wp-content\/uploads\/2024\/06\/asset-soluciones.png","contentUrl":"https:\/\/prevenidoproducciones.es\/wp-content\/uploads\/2024\/06\/asset-soluciones.png","width":528,"height":290,"caption":"PREVENIDO PRODUCCIONES"},"image":{"@id":"https:\/\/prevenidoproducciones.es\/#\/schema\/logo\/image\/"},"sameAs":["https:\/\/www.youtube.com\/@PrevenidoProducciones"]}]}},"_links":{"self":[{"href":"https:\/\/prevenidoproducciones.es\/en\/wp-json\/wp\/v2\/pages\/20","targetHints":{"allow":["GET"]}}],"collection":[{"href":"https:\/\/prevenidoproducciones.es\/en\/wp-json\/wp\/v2\/pages"}],"about":[{"href":"https:\/\/prevenidoproducciones.es\/en\/wp-json\/wp\/v2\/types\/page"}],"author":[{"embeddable":true,"href":"https:\/\/prevenidoproducciones.es\/en\/wp-json\/wp\/v2\/users\/1"}],"replies":[{"embeddable":true,"href":"https:\/\/prevenidoproducciones.es\/en\/wp-json\/wp\/v2\/comments?post=20"}],"version-history":[{"count":2,"href":"https:\/\/prevenidoproducciones.es\/en\/wp-json\/wp\/v2\/pages\/20\/revisions"}],"predecessor-version":[{"id":261,"href":"https:\/\/prevenidoproducciones.es\/en\/wp-json\/wp\/v2\/pages\/20\/revisions\/261"}],"wp:attachment":[{"href":"https:\/\/prevenidoproducciones.es\/en\/wp-json\/wp\/v2\/media?parent=20"}],"curies":[{"name":"wp","href":"https:\/\/api.w.org\/{rel}","templated":true}]}}