{"id":93,"date":"2024-04-15T18:26:15","date_gmt":"2024-04-15T18:26:15","guid":{"rendered":"https:\/\/prevenidoproducciones.es\/homolog\/?page_id=93"},"modified":"2026-04-07T12:49:03","modified_gmt":"2026-04-07T12:49:03","slug":"bases-legales-prevenido-producciones","status":"publish","type":"page","link":"https:\/\/prevenidoproducciones.es\/en\/bases-legales-prevenido-producciones\/","title":{"rendered":"Legal Framework"},"content":{"rendered":"<p>1.- El titular de esta p\u00e1gina Web es de Prevenido Producciones, S.L.U. con domicilio social en Calle del Porvenir, 17, Bajo B, 28028, Madrid, NIF B70737804 e inscrita en el Registro Mercantil de Madrid. Su tel\u00e9fono de contacto es +34 677 692 188\u00a0 y su direcci\u00f3n de correo electr\u00f3nico info@prevenidoproducciones.es.<\/p>\r\n\r\n\r\n\r\n<p>La utilizaci\u00f3n de esta p\u00e1gina Web atribuye la condici\u00f3n de Usuario a quien lo haga e implica la aceptaci\u00f3n de todas las condiciones incluidas en la Pol\u00edtica de Privacidad, los T\u00e9rminos y Condiciones de Uso y este Aviso Legal.<\/p>\r\n\r\n\r\n\r\n<p>2.- El Usuario deber\u00e1 leer dichas condiciones cada vez que acceda a esta Web, ya que pueden ser modificadas en lo sucesivo. Los aspectos de esta p\u00e1gina Web que, por su especialidad, est\u00e9n sujetos a condiciones o reglas particulares que pueden sustituir, completar o modificar este Aviso Legal tambi\u00e9n deben ser aceptadas por el Usuario que los utilice o acceda a ellos.<\/p>\r\n\r\n\r\n\r\n<p>3.- Queda prohibido alterar o modificar ninguna parte de la Web o de los contenidos de la misma, eludir, desactivar o manipular de cualquier otra forma (o tratar de eludir, desactivar o manipular) las funciones de seguridad de la Web u otras funciones del programa y utilizar la Web o sus contenidos para un fin comercial o publicitario. Queda prohibido el uso de esta Web con la finalidad de lesionar bienes, derechos o intereses de Prevenido o de terceros. Queda igualmente prohibido realizar cualquier otro uso de esta Web que altere, da\u00f1e o inutilice las redes, servidores, equipos, productos y programas inform\u00e1ticos de Prevenido o de terceros.<\/p>\r\n\r\n\r\n\r\n<p>4.- Todos los contenidos de esta Web (textos, fotograf\u00edas, gr\u00e1ficos, im\u00e1genes, tecnolog\u00eda, software, links, contenidos audiovisuales o sonoros, dise\u00f1o gr\u00e1fico, c\u00f3digo fuente, etc.), as\u00ed como las marcas y dem\u00e1s signos distintivos son propiedad de Prevenido o de terceros, no adquiriendo el Usuario ning\u00fan derecho sobre ellos por el mero uso de esta Web. El Usuario, deber\u00e1 abstenerse de: a) reproducir, copiar, distribuir, poner a disposici\u00f3n de terceros, comunicar p\u00fablicamente, transformar o modificar los contenidos de esta Web, salvo en los casos contemplados en la ley o expresamente autorizados por Prevenido o por el titular de dichos derechos; b) reproducir o copiar para uso privado el software o las bases de datos existentes en esta Web, as\u00ed como comunicarlos p\u00fablicamente o ponerlos a disposici\u00f3n de terceros cuando ello conlleve su reproducci\u00f3n; c) extraer o reutilizar todo o parte sustancial de los contenidos integrantes de esta Web.<\/p>\r\n\r\n\r\n\r\n<p>5.- Prevenido no es responsable de controlar que en esta Web no existan programas maliciosos o cualquier otro elemento inform\u00e1tico da\u00f1ino. Corresponde al Usuario, en todo caso, disponer de herramientas adecuadas para la detecci\u00f3n y desinfecci\u00f3n de estos elementos. De acuerdo con ello, Prevenido no se responsabiliza de los da\u00f1os producidos a equipos inform\u00e1ticos durante el acceso a la presente Web. Igualmente, Prevenido no ser\u00e1 responsable de los da\u00f1os producidos a los Usuarios cuando dichos da\u00f1os tengan su origen en fallos o desconexiones en las redes de telecomunicaciones que interrumpan el servicio de esta Web.<\/p>\r\n\r\n\r\n\r\n<p>6.- Esta Web podr\u00eda incluir dispositivos t\u00e9cnicos de enlace que permiten al Usuario acceder a otras p\u00e1ginas de Internet (enlaces). En estos casos, Prevenido s\u00f3lo ser\u00e1 responsable de los contenidos y servicios suministrados a trav\u00e9s de los enlaces en cuanto conozca su ilicitud y no los haya desactivado diligentemente. Si un Usuario considerase que existe un enlace con contenidos il\u00edcitos o inadecuados, podr\u00e1 indic\u00e1rselo a Prevenido, sin que ello suponga que este quede obligado por ello a retirar el correspondiente enlace. Prevenido no siempre conoce los contenidos y servicios de los enlaces y por tanto no se hace responsable por los da\u00f1os derivados de su falta de calidad, desactualizaci\u00f3n, indisponibilidad, error, inutilidad o ilegalidad y no responde de las manifestaciones realizadas o de los contenidos o servicios proporcionados a trav\u00e9s de ellos, salvo que sea directamente responsable de la prestaci\u00f3n de dichos servicios. Si cualquier usuario tiene conocimiento de que los enlaces remiten a p\u00e1ginas cuyos contenidos o servicios son il\u00edcitos, nocivos, denigrantes, violentos o inmorales podr\u00e1 ponerse en contacto con Prevenido indic\u00e1ndolo.<\/p>\r\n\r\n\r\n\r\n<p>7.- El Usuario se compromete a hacer un uso correcto de esta Web de conformidad con la Ley, con el presente Aviso Legal, as\u00ed como con las dem\u00e1s condiciones, reglamentos e instrucciones que, en su caso, pudieran ser de aplicaci\u00f3n. El Usuario responder\u00e1 frente a Prevenido y frente a terceros, de cualesquiera da\u00f1os o perjuicios que pudieran causarse por incumplimiento de estas obligaciones.<\/p>\r\n\r\n\r\n\r\n<p>8.-El presente Aviso Legal se rige \u00edntegramente por la legislaci\u00f3n espa\u00f1ola. Para la resoluci\u00f3n de cualquier conflicto relativo a la interpretaci\u00f3n o aplicaci\u00f3n de este Aviso Legal, el Usuario se somete expresamente a la jurisdicci\u00f3n de los tribunales de Madrid (Espa\u00f1a).<\/p>","protected":false},"excerpt":{"rendered":"<p>1.- El titular de esta p\u00e1gina Web es de Prevenido Producciones, S.L.U. con domicilio social en Calle del Porvenir, 17, Bajo B, 28028, Madrid, NIF B70737804 e inscrita en el Registro Mercantil de Madrid. Su tel\u00e9fono de contacto es +34 677 692 188\u00a0 y su direcci\u00f3n de correo electr\u00f3nico info@prevenidoproducciones.es. La utilizaci\u00f3n de esta p\u00e1gina [&hellip;]<\/p>\n","protected":false},"author":1,"featured_media":0,"parent":0,"menu_order":0,"comment_status":"closed","ping_status":"closed","template":"page-info.php","meta":{"_acf_changed":false,"footnotes":""},"class_list":["post-93","page","type-page","status-publish","hentry"],"acf":[],"yoast_head":"<!-- This site is optimized with the Yoast SEO plugin v27.3 - https:\/\/yoast.com\/product\/yoast-seo-wordpress\/ -->\n<title>Bases Legales - PREVENIDO PRODUCCIONES<\/title>\n<meta name=\"robots\" content=\"index, follow, max-snippet:-1, max-image-preview:large, max-video-preview:-1\" \/>\n<link rel=\"canonical\" href=\"https:\/\/prevenidoproducciones.es\/en\/bases-legales-prevenido-producciones\/\" \/>\n<meta property=\"og:locale\" content=\"en_US\" \/>\n<meta property=\"og:type\" content=\"article\" \/>\n<meta property=\"og:title\" content=\"Bases Legales - PREVENIDO PRODUCCIONES\" \/>\n<meta property=\"og:description\" content=\"1.- El titular de esta p\u00e1gina Web es de Prevenido Producciones, S.L.U. con domicilio social en Calle del Porvenir, 17, Bajo B, 28028, Madrid, NIF B70737804 e inscrita en el Registro Mercantil de Madrid. Su tel\u00e9fono de contacto es +34 677 692 188\u00a0 y su direcci\u00f3n de correo electr\u00f3nico info@prevenidoproducciones.es. La utilizaci\u00f3n de esta p\u00e1gina [&hellip;]\" \/>\n<meta property=\"og:url\" content=\"https:\/\/prevenidoproducciones.es\/en\/bases-legales-prevenido-producciones\/\" \/>\n<meta property=\"og:site_name\" content=\"PREVENIDO PRODUCCIONES\" \/>\n<meta property=\"article:modified_time\" content=\"2026-04-07T12:49:03+00:00\" \/>\n<meta property=\"og:image\" content=\"https:\/\/prevenidoproducciones.es\/wp-content\/uploads\/2024\/06\/asset-soluciones.png\" \/>\n\t<meta property=\"og:image:width\" content=\"528\" \/>\n\t<meta property=\"og:image:height\" content=\"290\" \/>\n\t<meta property=\"og:image:type\" content=\"image\/png\" \/>\n<meta name=\"twitter:card\" content=\"summary_large_image\" \/>\n<meta name=\"twitter:label1\" content=\"Est. reading time\" \/>\n\t<meta name=\"twitter:data1\" content=\"4 minutes\" \/>\n<script type=\"application\/ld+json\" class=\"yoast-schema-graph\">{\"@context\":\"https:\\\/\\\/schema.org\",\"@graph\":[{\"@type\":\"WebPage\",\"@id\":\"https:\\\/\\\/prevenidoproducciones.es\\\/bases-legales-prevenido-producciones\\\/\",\"url\":\"https:\\\/\\\/prevenidoproducciones.es\\\/bases-legales-prevenido-producciones\\\/\",\"name\":\"Bases Legales - PREVENIDO PRODUCCIONES\",\"isPartOf\":{\"@id\":\"https:\\\/\\\/prevenidoproducciones.es\\\/#website\"},\"datePublished\":\"2024-04-15T18:26:15+00:00\",\"dateModified\":\"2026-04-07T12:49:03+00:00\",\"breadcrumb\":{\"@id\":\"https:\\\/\\\/prevenidoproducciones.es\\\/bases-legales-prevenido-producciones\\\/#breadcrumb\"},\"inLanguage\":\"en-US\",\"potentialAction\":[{\"@type\":\"ReadAction\",\"target\":[\"https:\\\/\\\/prevenidoproducciones.es\\\/bases-legales-prevenido-producciones\\\/\"]}]},{\"@type\":\"BreadcrumbList\",\"@id\":\"https:\\\/\\\/prevenidoproducciones.es\\\/bases-legales-prevenido-producciones\\\/#breadcrumb\",\"itemListElement\":[{\"@type\":\"ListItem\",\"position\":1,\"name\":\"Home\",\"item\":\"https:\\\/\\\/prevenidoproducciones.es\\\/\"},{\"@type\":\"ListItem\",\"position\":2,\"name\":\"Bases Legales\"}]},{\"@type\":\"WebSite\",\"@id\":\"https:\\\/\\\/prevenidoproducciones.es\\\/#website\",\"url\":\"https:\\\/\\\/prevenidoproducciones.es\\\/\",\"name\":\"PREVENIDO PRODUCCIONES\",\"description\":\"PREVENIDO PRODUCCIONES destaca en su capacidad resolutiva para integrar todos los aspectos e instancias del proceso creativo audiovisual.\",\"publisher\":{\"@id\":\"https:\\\/\\\/prevenidoproducciones.es\\\/#organization\"},\"potentialAction\":[{\"@type\":\"SearchAction\",\"target\":{\"@type\":\"EntryPoint\",\"urlTemplate\":\"https:\\\/\\\/prevenidoproducciones.es\\\/?s={search_term_string}\"},\"query-input\":{\"@type\":\"PropertyValueSpecification\",\"valueRequired\":true,\"valueName\":\"search_term_string\"}}],\"inLanguage\":\"en-US\"},{\"@type\":\"Organization\",\"@id\":\"https:\\\/\\\/prevenidoproducciones.es\\\/#organization\",\"name\":\"PREVENIDO PRODUCCIONES\",\"url\":\"https:\\\/\\\/prevenidoproducciones.es\\\/\",\"logo\":{\"@type\":\"ImageObject\",\"inLanguage\":\"en-US\",\"@id\":\"https:\\\/\\\/prevenidoproducciones.es\\\/#\\\/schema\\\/logo\\\/image\\\/\",\"url\":\"https:\\\/\\\/prevenidoproducciones.es\\\/wp-content\\\/uploads\\\/2024\\\/06\\\/asset-soluciones.png\",\"contentUrl\":\"https:\\\/\\\/prevenidoproducciones.es\\\/wp-content\\\/uploads\\\/2024\\\/06\\\/asset-soluciones.png\",\"width\":528,\"height\":290,\"caption\":\"PREVENIDO PRODUCCIONES\"},\"image\":{\"@id\":\"https:\\\/\\\/prevenidoproducciones.es\\\/#\\\/schema\\\/logo\\\/image\\\/\"},\"sameAs\":[\"https:\\\/\\\/www.youtube.com\\\/@PrevenidoProducciones\"]}]}<\/script>\n<!-- \/ Yoast SEO plugin. -->","yoast_head_json":{"title":"Bases Legales - PREVENIDO PRODUCCIONES","robots":{"index":"index","follow":"follow","max-snippet":"max-snippet:-1","max-image-preview":"max-image-preview:large","max-video-preview":"max-video-preview:-1"},"canonical":"https:\/\/prevenidoproducciones.es\/en\/bases-legales-prevenido-producciones\/","og_locale":"en_US","og_type":"article","og_title":"Bases Legales - PREVENIDO PRODUCCIONES","og_description":"1.- El titular de esta p\u00e1gina Web es de Prevenido Producciones, S.L.U. con domicilio social en Calle del Porvenir, 17, Bajo B, 28028, Madrid, NIF B70737804 e inscrita en el Registro Mercantil de Madrid. Su tel\u00e9fono de contacto es +34 677 692 188\u00a0 y su direcci\u00f3n de correo electr\u00f3nico info@prevenidoproducciones.es. La utilizaci\u00f3n de esta p\u00e1gina [&hellip;]","og_url":"https:\/\/prevenidoproducciones.es\/en\/bases-legales-prevenido-producciones\/","og_site_name":"PREVENIDO PRODUCCIONES","article_modified_time":"2026-04-07T12:49:03+00:00","og_image":[{"width":528,"height":290,"url":"https:\/\/prevenidoproducciones.es\/wp-content\/uploads\/2024\/06\/asset-soluciones.png","type":"image\/png"}],"twitter_card":"summary_large_image","twitter_misc":{"Est. reading time":"4 minutes"},"schema":{"@context":"https:\/\/schema.org","@graph":[{"@type":"WebPage","@id":"https:\/\/prevenidoproducciones.es\/bases-legales-prevenido-producciones\/","url":"https:\/\/prevenidoproducciones.es\/bases-legales-prevenido-producciones\/","name":"Bases Legales - PREVENIDO PRODUCCIONES","isPartOf":{"@id":"https:\/\/prevenidoproducciones.es\/#website"},"datePublished":"2024-04-15T18:26:15+00:00","dateModified":"2026-04-07T12:49:03+00:00","breadcrumb":{"@id":"https:\/\/prevenidoproducciones.es\/bases-legales-prevenido-producciones\/#breadcrumb"},"inLanguage":"en-US","potentialAction":[{"@type":"ReadAction","target":["https:\/\/prevenidoproducciones.es\/bases-legales-prevenido-producciones\/"]}]},{"@type":"BreadcrumbList","@id":"https:\/\/prevenidoproducciones.es\/bases-legales-prevenido-producciones\/#breadcrumb","itemListElement":[{"@type":"ListItem","position":1,"name":"Home","item":"https:\/\/prevenidoproducciones.es\/"},{"@type":"ListItem","position":2,"name":"Bases Legales"}]},{"@type":"WebSite","@id":"https:\/\/prevenidoproducciones.es\/#website","url":"https:\/\/prevenidoproducciones.es\/","name":"PREVENIDO PRODUCCIONES","description":"PREVENIDO PRODUCCIONES destaca en su capacidad resolutiva para integrar todos los aspectos e instancias del proceso creativo audiovisual.","publisher":{"@id":"https:\/\/prevenidoproducciones.es\/#organization"},"potentialAction":[{"@type":"SearchAction","target":{"@type":"EntryPoint","urlTemplate":"https:\/\/prevenidoproducciones.es\/?s={search_term_string}"},"query-input":{"@type":"PropertyValueSpecification","valueRequired":true,"valueName":"search_term_string"}}],"inLanguage":"en-US"},{"@type":"Organization","@id":"https:\/\/prevenidoproducciones.es\/#organization","name":"PREVENIDO PRODUCCIONES","url":"https:\/\/prevenidoproducciones.es\/","logo":{"@type":"ImageObject","inLanguage":"en-US","@id":"https:\/\/prevenidoproducciones.es\/#\/schema\/logo\/image\/","url":"https:\/\/prevenidoproducciones.es\/wp-content\/uploads\/2024\/06\/asset-soluciones.png","contentUrl":"https:\/\/prevenidoproducciones.es\/wp-content\/uploads\/2024\/06\/asset-soluciones.png","width":528,"height":290,"caption":"PREVENIDO PRODUCCIONES"},"image":{"@id":"https:\/\/prevenidoproducciones.es\/#\/schema\/logo\/image\/"},"sameAs":["https:\/\/www.youtube.com\/@PrevenidoProducciones"]}]}},"_links":{"self":[{"href":"https:\/\/prevenidoproducciones.es\/en\/wp-json\/wp\/v2\/pages\/93","targetHints":{"allow":["GET"]}}],"collection":[{"href":"https:\/\/prevenidoproducciones.es\/en\/wp-json\/wp\/v2\/pages"}],"about":[{"href":"https:\/\/prevenidoproducciones.es\/en\/wp-json\/wp\/v2\/types\/page"}],"author":[{"embeddable":true,"href":"https:\/\/prevenidoproducciones.es\/en\/wp-json\/wp\/v2\/users\/1"}],"replies":[{"embeddable":true,"href":"https:\/\/prevenidoproducciones.es\/en\/wp-json\/wp\/v2\/comments?post=93"}],"version-history":[{"count":2,"href":"https:\/\/prevenidoproducciones.es\/en\/wp-json\/wp\/v2\/pages\/93\/revisions"}],"predecessor-version":[{"id":307,"href":"https:\/\/prevenidoproducciones.es\/en\/wp-json\/wp\/v2\/pages\/93\/revisions\/307"}],"wp:attachment":[{"href":"https:\/\/prevenidoproducciones.es\/en\/wp-json\/wp\/v2\/media?parent=93"}],"curies":[{"name":"wp","href":"https:\/\/api.w.org\/{rel}","templated":true}]}}